{"id":563,"date":"2026-01-12T15:56:31","date_gmt":"2026-01-12T14:56:31","guid":{"rendered":"https:\/\/www.km77.com\/it\/?page_id=563"},"modified":"2026-01-14T14:39:23","modified_gmt":"2026-01-14T13:39:23","slug":"note-legali","status":"publish","type":"page","link":"https:\/\/www.km77.com\/it\/note-legali\/","title":{"rendered":"Note legali"},"content":{"rendered":"\n<p><strong>Note Legali<\/strong><\/p>\n\n\n\n<p>DRIVEK SOLUTION S.L.<br>NIF: B67817312\u00a0<br>Sede Legale: Madnum Torre Oriente C\/ M\u00e9ndez \u00c1lvaro, 61, 28045 Madrid<br>E-mail: dpo@km77.com<br>Telefono: 917240570<\/p>\n\n\n\n<p><br>Il Responsabile della Protezione dei Dati \u00e8 contattabile al seguente indirizzo: dpo@km77.com<\/p>\n\n\n\n<p><strong>Premessa<\/strong><\/p>\n\n\n\n<p>DRIVEK SOLUTION S.L. ha realizzato e gestisce per conto di AUTOXY S.p.A. il Sito<a href=\"http:\/\/www.km77.com\/it\"> www.km77.com\/it<\/a> (di seguito \u201cil Sito\u201d) con l&#8217;obiettivo di pubblicare informazioni e articoli di approfondimento nel settore dell\u2019automotive.<\/p>\n\n\n\n<p>Nella presente pagina sono riportate le Note legali relative all\u2019utilizzo del Sito.<\/p>\n\n\n\n<p>Il presente documento potr\u00e0 essere modificato in qualsiasi momento e senza preavviso. L\u2019Utente \u00e8 pertanto invitato a prendere regolarmente visione dell\u2019ultima versione aggiornata delle stesse, disponibile e permanentemente accessibile da qualunque pagina del sito, cliccando sul collegamento \u201cNote legali\u201d.<\/p>\n\n\n\n<p><strong>Titolare del sito web<\/strong><\/p>\n\n\n\n<p>La societ\u00e0 titolare \u00e8 DRIVEK SOLUTION S.L. (di seguito \u201ckm77\u201d), con sede in Madnum Torre Oriente C\/ M\u00e9ndez \u00c1lvaro, 61, 28045 Madrid (Spagna); provvista di C.I.F. B67817312. DRIVEK SOLUTION S.L. ed \u00e8 iscritta nel Registro delle Imprese di Madrid, Foglio M-228883, Foglio 44, Tomo 13.967; \u00e8 possibile trovare i dati aggiornati relativi a iscrizioni e deposito libri rivolgendosi al competente Registro delle Imprese.<\/p>\n\n\n\n<p><strong>Titolarit\u00e0 e propriet\u00e0 intellettuale e industriale<\/strong><\/p>\n\n\n\n<p>km77, in proprio o come licenziataria, \u00e8 titolare dei diritti di propriet\u00e0 intellettuale e industriale delle sue pagine web, nonch\u00e9 degli elementi in esse contenuti (a titolo esemplificativo: immagini, suoni, audio, video o testi; loghi, combinazioni di colori, struttura e design, selezione dei materiali utilizzati, programmi informatici necessari al loro funzionamento, accesso e uso, ecc.).<\/p>\n\n\n\n<p>In virt\u00f9 di quanto disposto dalla normativa nazionale, europea e internazionale in materia di propriet\u00e0 intellettuale, sono espressamente vietate la riproduzione, la distribuzione e la comunicazione al pubblico, inclusa la messa a disposizione, della totalit\u00e0 o di parte dei contenuti di questa pagina web, e in particolare dei contenuti elaborati da km77, a fini commerciali, su qualsiasi supporto e con qualsiasi mezzo tecnico, senza l\u2019autorizzazione di km77.<\/p>\n\n\n\n<p>L\u2019Utente si impegna a rispettare i diritti di Propriet\u00e0 Intellettuale e Industriale di titolarit\u00e0 di km77. Potr\u00e0 visualizzare gli elementi dei diversi siti web e persino stamparli, copiarli e salvarli sul proprio computer o su qualsiasi altro supporto fisico, purch\u00e9 ci\u00f2 avvenga unicamente ed esclusivamente per uso personale e privato. L\u2019Utente dovr\u00e0 astenersi dal sopprimere, alterare, eludere o manipolare qualsiasi dispositivo di protezione o sistema di sicurezza installato nelle pagine di km77.<\/p>\n\n\n\n<p><strong>Marchi e nomi di dominio<\/strong><\/p>\n\n\n\n<p>I domini di km77 sono uno spazio specializzato nel settore motoristico nelle sue diverse varianti. km77 fornisce l\u2019accesso a informazioni relative alle automobili e, in generale, a contenuti e servizi connessi con il settore dell\u2019automotive.<\/p>\n\n\n\n<p>Km77&nbsp; \u00e8 titolare esclusiva dei loghi e dei marchi registrati e di ogni altro segno distintivo che includa la parola &#8220;km77&#8221;, compreso il nome di dominio del sito web \u201c<a href=\"http:\/\/www.km77.com\/it%E2%80%9D\">www.km77.com\/it\u201d<\/a>.<\/p>\n\n\n\n<p>Tutti gli altri segni distintivi che contraddistinguono i servizi, prodotti, progetti e le attivit\u00e0 pubblicizzate sul sito web sono marchi registrati dei rispettivi titolari e sono utilizzati all&#8217;interno del sito web, al solo scopo di contraddistinguere, descrivere e pubblicizzare i prodotti e servizi realizzati o offerti da km77.<\/p>\n\n\n\n<p>Km77 e tutti gli altri titolari di marchi registrati hanno la facolt\u00e0 di far uso esclusivo dei marchi di rispettiva titolarit\u00e0.<\/p>\n\n\n\n<p>L\u2019utente non \u00e8 autorizzato, salvo il consenso di km77 e di ogni altro titolare di marchi registrati, pubblicati nel sito web, a usare detti marchi, per contraddistinguere prodotti o servizi anche non affini a quelli di km77 o degli altri titolari di marchi.<\/p>\n\n\n\n<p>Qualsiasi uso di detti marchi non conforme alla legge, in quanto non autorizzato, \u00e8 vietato e comporta conseguenze legali gravi. Non \u00e8 in alcun modo consentito usare detti marchi ed ogni altro segno distintivo presente sul sito web per trarre indebitamente vantaggio dal carattere distintivo o dalla rinomanza di questi marchi o in modo da recare pregiudizio agli stessi ed ai loro titolari.<\/p>\n\n\n\n<p><strong>Esclusione di garanzie e responsabilit\u00e0<\/strong><\/p>\n\n\n\n<p>Km77 ha adottato ogni utile precauzione al fine di assicurare ai propri utenti che i contenuti siano accurati e non contengano informazioni non corrette o non aggiornate, rispetto alla data della loro pubblicazione all&#8217;interno del sito web e, per quanto possibile, anche successivamente. Tuttavia, km77 non assume nei confronti degli utenti alcuna responsabilit\u00e0 circa l&#8217;accuratezza e la completezza dei contenuti pubblicati sul sito web, fatta salva la propria responsabilit\u00e0 per dolo e colpa grave e salvo quanto diversamente previsto dalla legge.<\/p>\n\n\n\n<p>Km77, inoltre, non pu\u00f2 garantire agli utenti che il sito web operi con continuit\u00e0, senza interruzioni ed in assenza di errori o di malfunzionamenti dovuti al collegamento ad Internet. Sebbene km77 cerchi di fare tutto il possibile per assicurare un accesso continuo al proprio sito web, la natura dinamica di Internet e dei suoi contenuti, potrebbe non consentire di operare senza sospensioni, interruzioni o discontinuit\u00e0 dovuti alla necessit\u00e0 di operare aggiornamenti del sito web.<\/p>\n\n\n\n<p>Km77 ha adottato misure tecniche ed organizzative adeguate per salvaguardare la sicurezza dei propri servizi, l&#8217;integrit\u00e0 dei dati relativi al traffico e alle comunicazioni elettroniche rispetto alle forme di utilizzazione o di cognizione non consentite nonch\u00e9 per evitare rischi di dispersione, di distruzione e di perdita di dati e di informazioni riservate e non, relative ai propri utenti, ovvero di accesso non autorizzato, o non conforme alle norme di legge, ai dati e alle informazioni medesime.<\/p>\n\n\n\n<p>Per tali motivi, km77 non \u00e8 responsabile, in nessun caso, dei danni e pregiudizi di qualsiasi natura che possano derivare, a titolo esemplificativo e non esaustivo: da errori o omissioni nei contenuti pubblicati da terzi; dalla mancanza di disponibilit\u00e0 del portale; da qualsiasi situazione considerata caso fortuito o forza maggiore, pur avendo adottato tutte le misure tecnologiche necessarie per evitarlo.<\/p>\n\n\n\n<p><strong>Accesso a siti esterni collegati<\/strong><\/p>\n\n\n\n<p>Eventuali collegamenti a siti esterni, indicati nel presente sito web, sono forniti come semplice servizio agli utenti, con esclusione di ogni responsabilit\u00e0 sulla correttezza e sulla completezza dell\u2019insieme dei collegamenti indicati.<\/p>\n\n\n\n<p>L\u2019indicazione dei collegamenti non implica da parte di km77 alcun tipo di approvazione o condivisione di responsabilit\u00e0 in relazione alla legittimit\u00e0, alla completezza e alla correttezza delle informazioni contenute nei siti indicati.<\/p>\n\n\n\n<p><strong>Privacy<\/strong><\/p>\n\n\n\n<p>Qualsiasi informazione personale che ci comunichi tramite il sito web sar\u00e0 trattata in conformit\u00e0 con la nostra Informativa sulla privacy.<\/p>\n\n\n\n<p>Pu\u00f2 consultare le informazioni aggiuntive e dettagliate sulla nostra Informativa sulla Privacy all\u2019indirizzo<a href=\"http:\/\/www.km77.com\/it\/privacy-policy\/\"> www.km77.com\/it\/privacy-policy\/<\/a><\/p>\n\n\n\n<p>Modifiche alle Condizioni legali e alla Politica di protezione dei dati<\/p>\n\n\n\n<p>km77 si riserva il diritto di effettuare, senza preavviso, le modifiche che ritenga opportune su qualsiasi dei siti web di cui \u00e8 titolare, potendo modificare, eliminare o aggiungere sia i contenuti pubblicati che i servizi forniti.<\/p>\n\n\n\n<p><strong>Generalit\u00e0<\/strong><\/p>\n\n\n\n<p>km77 perseguir\u00e0 l\u2019inadempimento delle presenti condizioni, nonch\u00e9 qualsiasi uso improprio dei propri siti web, esercitando tutte le azioni civili e penali che le possano corrispondere in diritto.<\/p>\n\n\n\n<p><strong>Legislazione applicabile e giurisdizione<\/strong><\/p>\n\n\n\n<p>Il sito web, ad esclusione dei link a terzi, \u00e8 controllato da km77 dalle proprie sedi di Madrid, Spagna. Utilizzando questo sito web, accetti espressamente che tutte le controversie, rivendicazioni e altre questioni derivanti o connesse siano disciplinate dalla normativa spagnola vigente e qualsiasi controversia sar\u00e0 sottoposta ai Giudici e Tribunali della citt\u00e0 di Madrid, salvo che la normativa a tutela di consumatori e Utenti stabilisca un altro criterio.<\/p>\n","protected":false},"excerpt":{"rendered":"<p>Note Legali DRIVEK SOLUTION S.L.NIF: B67817312\u00a0Sede Legale: Madnum Torre Oriente C\/ M\u00e9ndez \u00c1lvaro, 61, 28045 MadridE-mail: dpo@km77.comTelefono: 917240570 Il Responsabile della Protezione dei Dati \u00e8 contattabile al seguente indirizzo: dpo@km77.com Premessa DRIVEK SOLUTION S.L. ha realizzato e gestisce per conto di AUTOXY S.p.A. il Sito www.km77.com\/it (di seguito \u201cil Sito\u201d) con l&#8217;obiettivo di pubblicare informazioni&hellip;&nbsp;<a href=\"https:\/\/www.km77.com\/it\/note-legali\/\" rel=\"bookmark\"><span class=\"screen-reader-text\">Note legali<\/span><\/a><\/p>\n","protected":false},"author":2,"featured_media":0,"parent":0,"menu_order":0,"comment_status":"closed","ping_status":"closed","template":"","meta":{"neve_meta_sidebar":"full-width","neve_meta_container":"","neve_meta_enable_content_width":"","neve_meta_content_width":0,"neve_meta_title_alignment":"","neve_meta_author_avatar":"","neve_post_elements_order":"","neve_meta_disable_header":"","neve_meta_disable_footer":"","neve_meta_disable_title":"","_themeisle_gutenberg_block_has_review":false,"footnotes":""},"class_list":["post-563","page","type-page","status-publish","hentry"],"_links":{"self":[{"href":"https:\/\/www.km77.com\/it\/wp-json\/wp\/v2\/pages\/563","targetHints":{"allow":["GET"]}}],"collection":[{"href":"https:\/\/www.km77.com\/it\/wp-json\/wp\/v2\/pages"}],"about":[{"href":"https:\/\/www.km77.com\/it\/wp-json\/wp\/v2\/types\/page"}],"author":[{"embeddable":true,"href":"https:\/\/www.km77.com\/it\/wp-json\/wp\/v2\/users\/2"}],"replies":[{"embeddable":true,"href":"https:\/\/www.km77.com\/it\/wp-json\/wp\/v2\/comments?post=563"}],"version-history":[{"count":4,"href":"https:\/\/www.km77.com\/it\/wp-json\/wp\/v2\/pages\/563\/revisions"}],"predecessor-version":[{"id":610,"href":"https:\/\/www.km77.com\/it\/wp-json\/wp\/v2\/pages\/563\/revisions\/610"}],"wp:attachment":[{"href":"https:\/\/www.km77.com\/it\/wp-json\/wp\/v2\/media?parent=563"}],"curies":[{"name":"wp","href":"https:\/\/api.w.org\/{rel}","templated":true}]}}