{"id":3,"date":"2025-12-30T13:34:07","date_gmt":"2025-12-30T12:34:07","guid":{"rendered":"https:\/\/www.km77.com\/it\/?page_id=3"},"modified":"2026-01-14T09:09:49","modified_gmt":"2026-01-14T08:09:49","slug":"privacy-policy","status":"publish","type":"page","link":"https:\/\/www.km77.com\/it\/privacy-policy\/","title":{"rendered":"Privacy Policy"},"content":{"rendered":"\n<p>Benvenuto nel sito <a href=\"http:\/\/www.km77.com\/it\" data-type=\"link\" data-id=\"www.km77.com\/it\">www.km77.com\/it<\/a> (&#8220;Sito&#8221;)<\/p>\n\n\n\n<p>Questo sito web (\u201cSito\u201d) \u00e8 controllato da AUTOXY S.p.A. e gestito, per suo conto, da DRIVEK SOLUTION S.L. (d\u2019ora in avanti \u201ckm77\u201d). Con la presente privacy policy (&#8220;Privacy Policy&#8221;) km77 intende informare i visitatori e gli utenti (\u201cUtente\/i\u201d) del Sito in merito al trattamento dei dati personali degli Utenti raccolti durante la navigazione e\/o l\u2019uso dei servizi di informazione offerti sul Sito e non si applica ad altri siti web eventualmente consultati dagli Utenti, anche mediante link eventualmente pubblicati sul Sito ma riferiti a risorse esterne al dominio di propriet\u00e0 di km77 e di cui km77 non ha alcun controllo e non \u00e8 responsabile.<\/p>\n\n\n\n<p>Le informazioni sono rese nel rispetto della normativa europea e italiana in materia di protezione dei dati personali (Regolamento UE 2016\/679 e d.lgs. 196\/2003).<\/p>\n\n\n\n<p><strong>Titolare del trattamento<\/strong><\/p>\n\n\n\n<p><strong>Il titolare del trattamento dei dati raccolti a seguito della consultazione di questo Sito \u00e8:<br>AUTOXY S.p.A.<\/strong><br>Reg. Imprese Lecce \/ C.F. \/ P.IVA: 04258000753<br>Sede legale: Via Ludovico Maremonti 41, 73100 Lecce, Italia<br>E-mail: <a href=\"mailto:dpo@autoxy.it\">dpo@autoxy.it<\/a><\/p>\n\n\n\n<p><strong>Responsabile del trattamento (per la gestione tecnica e operativa del Sito)<\/strong><br><strong>DRIVEK SOLUTION S.L.<\/strong><br>NIF: B67817312<br>Sede Legale: Madnum Torre Oriente C\/ M\u00e9ndez \u00c1lvaro, 61, 28045 Madrid<br>E-mail: <a href=\"mailto:dpo@autoxy.it\">dpo@autoxy.it<\/a><br>Telefono: 917240570<\/p>\n\n\n\n<p><strong>Il Responsabile della Protezione dei Dati \u00e8 contattabile al seguente indirizzo:<\/strong> <a href=\"mailto:dpo@autoxy.it\">dpo@autoxy.it<\/a><\/p>\n\n\n\n<p><strong>Quali dati personali raccogliamo, finalit\u00e0 e<\/strong> <strong>base giuridica del trattamento<\/strong><\/p>\n\n\n\n<p>Per dati personali si intendono tutte le informazioni che consentono di identificare l\u2019Utente, quali il nome, il cognome, i recapiti, il numero di telefono, indirizzo e-mail e le informazioni relative al suo accesso a questo sito web come l\u2019indirizzo IP. Con l&#8217;uso o la consultazione del presente Sito, km77 tratter\u00e0 i seguenti dati degli Utenti.<\/p>\n\n\n\n<p>Con l&#8217;uso o la consultazione del presente Sito, pertanto, km77 tratter\u00e0 i dati dei visitatori e degli utenti per:<\/p>\n\n\n\n<ul class=\"wp-block-list\">\n<li>fornire i servizi di informazione nel settore dell\u2019automotive e sui veicoli di suo interesse;<\/li>\n\n\n\n<li>riscontrare le richieste di contatto o di informazioni;<\/li>\n\n\n\n<li>verificare la raccolta necessaria ed automatica dei dati inerenti all\u2019interazione con il sito web;<\/li>\n\n\n\n<li>gestire i dati volontariamente comunicati (e-mail, etc.) per fornire specifici servizi di informazione;<\/li>\n\n\n\n<li>analisi su dati aggregati del comportamento dei visitatori e degli utenti o analisi, su dati aggregati, del comportamento sul sito web, per migliorare i nostri servizi e offrirle informazioni pi\u00f9 personalizzate in base ai suoi gusti;<\/li>\n\n\n\n<li>prevenire o scoprire attivit\u00e0 fraudolente o abusi dannosi per il Sito.<\/li>\n<\/ul>\n\n\n\n<p>Tratteremo i vostri dati personali solo se abbiamo una base legale per farlo. La base legale dipender\u00e0 dai motivi per i quali abbiamo raccolto e dobbiamo utilizzare i vostri dati personali. Tali motivi consistono in alcuni casi nella necessit\u00e0 di fornire riscontro alle vostre richieste di informazioni o di contatto (finalit\u00e0 contrattuali o precontrattuali), nell\u2019adempiere ai determinati requisiti legali e\/o regolamentari ovvero nel perseguire il legittimo interesse del Titolare (es. quando si prevengono attivit\u00e0 fraudolente o abusi dannosi per il Sito); in altri casi, invece, potrebbe essere necessario il tuo consenso.<\/p>\n\n\n\n<p><em>Dati di navigazione<\/em><\/p>\n\n\n\n<p>I sistemi informatici e le procedure software preposte al funzionamento di questo Sito acquisiscono, nel corso del loro normale esercizio, alcuni dati personali la cui trasmissione \u00e8 implicita nell&#8217;uso dei protocolli di comunicazione di Internet.<\/p>\n\n\n\n<p>Si tratta di informazioni che non sono raccolte per essere associate a interessati identificati, ma che per loro stessa natura potrebbero, attraverso elaborazioni ed associazioni con dati detenuti da terzi, permettere di identificare gli utenti. In questa categoria di dati rientrano gli indirizzi IP o i nomi a dominio dei computer utilizzati dagli utenti che si connettono al Sito, gli indirizzi in notazione URI\/URL (Uniform Resource Identifier\/Locator) delle risorse richieste, l&#8217;orario della richiesta, il metodo utilizzato nel sottoporre la richiesta al server, la dimensione del file ottenuto in risposta, il codice numerico indicante lo stato della risposta data dal server (buon fine, errori, ecc.) ed altri parametri relativi al sistema operativo e all&#8217;ambiente informatico dell&#8217;Utente.<\/p>\n\n\n\n<p>Questi dati vengono utilizzati al solo fine di ricavare informazioni statistiche anonime sull&#8217;uso del Sito e per controllarne il corretto funzionamento e vengono cancellati immediatamente dopo l&#8217;elaborazione. I dati potrebbero essere utilizzati per l&#8217;accertamento di responsabilit\u00e0 in caso di ipotetici reati informatici ai danni del Sito: salva questa eventualit\u00e0, allo stato i dati sui contatti web non persistono per pi\u00f9 di sette giorni.<\/p>\n\n\n\n<p><em>Dati forniti volontariamente dall&#8217;utente<\/em><\/p>\n\n\n\n<p>Possiamo raccogliere i dati personali degli Utenti che ci contattano telefonicamente ai numeri di telefono indicati, ovvero via e-mail, ovvero che utilizzano eventuali plug-in dei social network in uso sul Sito.<\/p>\n\n\n\n<p>L&#8217;invio facoltativo, esplicito e volontario dei dati tramite compilazione dei moduli presenti sul Sito al fine della registrazione, modifica e cancellazione dallo stesso comporta la successiva acquisizione dei dati di contatto del mittente, necessario per rispondere alle richieste, nonch\u00e9 degli eventuali altri dati personali inseriti nella richiesta.<\/p>\n\n\n\n<p><em>Cookies<\/em><\/p>\n\n\n\n<p>Relativamente all\u2019utilizzo dei cookie, si rinvia alla \u201cCookie Policy\u201d presente nell\u2019apposita sezione del Sito.<\/p>\n\n\n\n<p><strong>Dove otteniamo i dati e natura del conferimento (compreso le conseguenze di un eventuale rifiuto di comunicarli)<\/strong><\/p>\n\n\n\n<p>I dati personali possono essere raccolti on-line quando l\u2019Utente naviga sul Sito oppure se ci contatta ai recapiti indicati; in particolare i dati anagrafici, l\u2019indirizzo di posta elettronica e, ove richiesto, numero di telefono \u00e8 necessario per il perseguimento delle finalit\u00e0 sopra indicate.<\/p>\n\n\n\n<p>L\u2019eventuale omissione di dati necessari a riscontrare le richieste potrebbe comportare l&#8217;impossibilit\u00e0 di fornire all\u2019Utente una risposta esaustiva o gli altri servizi disponibili. A seconda dei casi e, qualora necessario, di volta in volta l\u2019Utente sar\u00e0 informato del carattere obbligatorio o facoltativo del conferimento dei dati personali. Sar\u00e0 evidenziato il carattere obbligatorio o facoltativo della comunicazione dei dati, mediante un avviso o un apposito carattere alle informazioni di carattere obbligatorio. Si ricorda, infine, che la mancata indicazione di dati personali facoltativi non comporter\u00e0 alcun obbligo n\u00e9 alcuno svantaggio per l\u2019Utente.<\/p>\n\n\n\n<p><strong>Come trattiamo i dati personali<\/strong><\/p>\n\n\n\n<p>I dati personali sono trattati con strumenti elettronici e automatizzati per il tempo strettamente necessario a conseguire gli scopi sopra indicati. Specifiche misure di sicurezza tecniche ed organizzative sono osservate per prevenire la perdita dei dati, usi illeciti o non corretti ed accessi non autorizzati. Adottiamo un insieme di misure di sicurezza tecniche ed organizzative atte a garantire la riservatezza, l\u2019integrit\u00e0 e disponibilit\u00e0 dei dati degli Utenti. Il trattamento dei dati avviene in modo lecito e corretto, effettuato nel rispetto del principio di minimizzazione.<\/p>\n\n\n\n<p><strong>Destinatari dei dati<\/strong><\/p>\n\n\n\n<p>Ai fini della fruizione dei servizi on-line forniti sul nostro Sito, i dati personali degli Utenti potranno essere comunicati:<\/p>\n\n\n\n<ul class=\"wp-block-list\">\n<li>a dipendenti e collaboratori di km77 appositamente autorizzati al trattamento ed istruiti;<\/li>\n<\/ul>\n\n\n\n<ul class=\"wp-block-list\">\n<li>a societ\u00e0 terze, contrattualmente collegate a km77 o altri soggetti che svolgono attivit\u00e0 e servizi in outsourcing per conto di km77 (fornitori di servizi tecnici terzi quali, ad esempio, hosting provider, agenzie di comunicazione, fornitore dei servizi di sviluppo e manutenzione della piattaforma web, fornitore dei servizi di sviluppo, erogazione e gestione operativa delle piattaforme tecnologiche impiegate, etc.), nominati laddove necessario quali Responsabili del trattamento dei dati personali;<\/li>\n<\/ul>\n\n\n\n<ul class=\"wp-block-list\">\n<li>a terzi per i quali ci\u00f2 risulti necessario ed indispensabile (o comunque funzionale) per lo svolgimento delle attivit\u00e0 di km77 sempre nel rispetto delle disposizioni del Regolamento Europeo 2016\/679.<\/li>\n<\/ul>\n\n\n\n<p>Social media: possiamo usare i plug-in dei social media sul nostro sito web. Di conseguenza, i dati saranno condivisi con il servizio di social media ed eventualmente condiviso sul vostro profilo social media. Si prega di fare riferimento all&#8217;Informativa sulla privacy di questi fornitori terzi di social media per saperne di pi\u00f9 su queste pratiche.<\/p>\n\n\n\n<p>I dati personali in ogni caso non saranno diffusi. \u00c8 fatta salva, in ogni caso, la comunicazione o diffusione di dati richiesti, in conformit\u00e0 alla legge, da Forze di Polizia, dall&#8217;Autorit\u00e0 Giudiziaria, da organismi di informazione e sicurezza o da altri soggetti pubblici per finalit\u00e0 di difesa o di sicurezza dello Stato o di prevenzione, accertamento o repressione di reati.<\/p>\n\n\n\n<p><strong>A chi trasferiamo i tuoi dati<\/strong><\/p>\n\n\n\n<p>La gestione e la conservazione dei dati personali avverranno all\u2019interno dell\u2019Unione Europea. I dati non saranno oggetto di trasferimento al di fuori dell\u2019Unione Europea. Resta in ogni caso inteso che, ove lo ritenessimo necessario, avremo facolt\u00e0 di mutare l\u2019ubicazione dei server, anche in Paesi extra-UE. In tal caso, ci assicureremo sin d\u2019ora che il trasferimento dei dati extra-UE avverr\u00e0 in conformit\u00e0 alle disposizioni di legge applicabili stipulando, se necessario, accordi che garantiscano un livello di protezione adeguato e\/o adottando le clausole contrattuali standard previste dalla Commissione Europea, ovvero solo in presenza di altro requisito conforme alla normativa italiana ed europea applicabile.<\/p>\n\n\n\n<p><strong>Per quanto tempo conserviamo i tuoi dati<\/strong><\/p>\n\n\n\n<p>I dati raccolti dal Sito durante il suo funzionamento sono utilizzati esclusivamente per alcune delle finalit\u00e0 sopra indicate e conservati per il tempo strettamente necessario a svolgere le nostre attivit\u00e0.<\/p>\n\n\n\n<p>Non conserveremo i dati per un periodo di tempo superiore a quello necessario per soddisfare lo scopo per cui sono stati trattati. Per determinare il periodo di conservazione appropriato, prendiamo in considerazione la quantit\u00e0, la natura e la sensibilit\u00e0 dei dati personali, gli scopi per i quali li trattiamo e se possiamo raggiungere tali scopi con altri mezzi.<\/p>\n\n\n\n<p>I dati raccolti dal Sito saranno quindi conservati per tutta la durata necessaria al riscontro delle richieste e, anche dopo la cessazione, per gestire tutti gli eventuali adempimenti contrattuali, precontrattuali o di legge connessi ovvero da essi derivanti; ci\u00f2 salvo il caso in cui non abbiate rilasciato un esplicito consenso in relazione ad alcuni dei servizi offerti, perch\u00e9 in questi ultimi casi il trattamento potr\u00e0 avere durata fino a revoca del consenso.<\/p>\n\n\n\n<p><strong>Come garantiamo i diritti degli Utenti<\/strong><\/p>\n\n\n\n<p>Fatte salve le limitazioni previste dalla legge applicabile, l\u2019Utente in qualsiasi momento ha diritto di chiedere la conferma dell\u2019esistenza dei dati personali che lo riguardano, la rettifica, la cancellazione, la limitazione del trattamento, la portabilit\u00e0 dei dati personali presso altro titolare, opporsi al trattamento per motivi legittimi, revocare il consenso, oltre al diritto di non essere soggetto a profilazione e\/o processi decisionali individuali automatizzati. Tali diritti possono essere esercitati inoltrando apposita richiesta al Titolare anche via e-mail (all\u2019indirizzo e-mail: dpo@autoxy.it) o inviando una comunicazione scritta a dpo@km77.com. Si ricorda, infine, che l\u2019Utente ha sempre il diritto di proporre un reclamo all\u2019Agenzia Spagnola di protezione dei Dati o all\u2019Autorit\u00e0 Garante per la protezione dei dati italiana per l\u2019esercizio dei suoi diritti o per qualsiasi altra questione relativa al trattamento dei suoi dati personali.<\/p>\n\n\n\n<p>Modelli, formulari e ulteriori informazioni sui suoi diritti sono disponibili sul sito web dell\u2019autorit\u00e0 di controllo nazionale, l\u2019Agenzia Spagnola di Protezione dei Dati (AEPD),<a href=\"http:\/\/www.aepd.es\" rel=\"nofollow noopener\" target=\"_blank\"> http:\/\/www.aepd.es<\/a> , oppure sul sito web dell\u2019Autorit\u00e0 Garante per la protezione dei dati italiana (<a href=\"http:\/\/www.garanteprivacy.it\" rel=\"nofollow noopener\" target=\"_blank\">http:\/\/www.garanteprivacy.it<\/a> ).<\/p>\n\n\n\n<p><strong>Modifiche e aggiornamenti alla presente Privacy Policy<\/strong><\/p>\n\n\n\n<p>Km77 avr\u00e0 cura di modificare o semplicemente aggiornare, in tutto o in parte, la presente Privacy Policy anche in considerazione della modifica delle norme di legge o di regolamento che regolano la materia e proteggono i diritti degli Utenti. Le modifiche e gli aggiornamenti della Privacy Policy del Sito saranno resi disponibili nella homepage non appena adottati. Vi preghiamo pertanto di accedere con regolarit\u00e0 a questa sezione per consultare la pi\u00f9 recente ed aggiornata Privacy Policy.<\/p>\n\n\n\n<p>Data ultimo aggiornamento: gennaio 2026<\/p>\n","protected":false},"excerpt":{"rendered":"<p>Benvenuto nel sito www.km77.com\/it (&#8220;Sito&#8221;) Questo sito web (\u201cSito\u201d) \u00e8 controllato da AUTOXY S.p.A. e gestito, per suo conto, da DRIVEK SOLUTION S.L. (d\u2019ora in avanti \u201ckm77\u201d). Con la presente privacy policy (&#8220;Privacy Policy&#8221;) km77 intende informare i visitatori e gli utenti (\u201cUtente\/i\u201d) del Sito in merito al trattamento dei dati personali degli Utenti raccolti&hellip;&nbsp;<a href=\"https:\/\/www.km77.com\/it\/privacy-policy\/\" rel=\"bookmark\"><span class=\"screen-reader-text\">Privacy Policy<\/span><\/a><\/p>\n","protected":false},"author":1,"featured_media":0,"parent":0,"menu_order":0,"comment_status":"closed","ping_status":"open","template":"","meta":{"neve_meta_sidebar":"full-width","neve_meta_container":"","neve_meta_enable_content_width":"","neve_meta_content_width":0,"neve_meta_title_alignment":"","neve_meta_author_avatar":"","neve_post_elements_order":"","neve_meta_disable_header":"","neve_meta_disable_footer":"","neve_meta_disable_title":"","_themeisle_gutenberg_block_has_review":false,"footnotes":""},"class_list":["post-3","page","type-page","status-publish","hentry"],"_links":{"self":[{"href":"https:\/\/www.km77.com\/it\/wp-json\/wp\/v2\/pages\/3","targetHints":{"allow":["GET"]}}],"collection":[{"href":"https:\/\/www.km77.com\/it\/wp-json\/wp\/v2\/pages"}],"about":[{"href":"https:\/\/www.km77.com\/it\/wp-json\/wp\/v2\/types\/page"}],"author":[{"embeddable":true,"href":"https:\/\/www.km77.com\/it\/wp-json\/wp\/v2\/users\/1"}],"replies":[{"embeddable":true,"href":"https:\/\/www.km77.com\/it\/wp-json\/wp\/v2\/comments?post=3"}],"version-history":[{"count":3,"href":"https:\/\/www.km77.com\/it\/wp-json\/wp\/v2\/pages\/3\/revisions"}],"predecessor-version":[{"id":609,"href":"https:\/\/www.km77.com\/it\/wp-json\/wp\/v2\/pages\/3\/revisions\/609"}],"wp:attachment":[{"href":"https:\/\/www.km77.com\/it\/wp-json\/wp\/v2\/media?parent=3"}],"curies":[{"name":"wp","href":"https:\/\/api.w.org\/{rel}","templated":true}]}}